{"id":100,"date":"2025-05-30T11:55:41","date_gmt":"2025-05-30T14:55:41","guid":{"rendered":"https:\/\/chitaodospobres.com.br\/?page_id=100"},"modified":"2025-05-30T12:04:19","modified_gmt":"2025-05-30T15:04:19","slug":"a-origem","status":"publish","type":"page","link":"https:\/\/chitaodospobres.com.br\/?page_id=100","title":{"rendered":"A Origem"},"content":{"rendered":"\n<p>A ORIGEM DO CHIT\u00c3O DOS POBRES<\/p>\n\n\n\n<p>Tudo come\u00e7ou no ano 1948. Na \u00e9poca, h\u00e1 15 anos se promovia o tradicional Chit\u00e3o de Massap\u00ea, nas depend\u00eancias do Centro Social Massapeense \u2013 clube cujas portas se abriam apenas e t\u00e3o somente para \u201cricos &amp; brancos\u201d e com refer\u00eancia. <\/p>\n\n\n\n<p>N\u00e3o diferentemente do restante dos munic\u00edpios brasileiros, em Massap\u00ea existia uma sociedade preconceituosa e racista \u2013 resqu\u00edcios do Brasil Col\u00f4nia e Brasil Imp\u00e9rio. Partindo do princ\u00edpio de que existia o \u201cChit\u00e3o dos Ricos\u201d, porque n\u00e3o haveria de existir o \u201cChit\u00e3o dos Pobres\u201d Imbu\u00eddo desse sentimento de justi\u00e7a social, defendendo a igualdade entre as pessoas, Expedito Ferreira decidiu fundar o Chit\u00e3o dos Pobres\u201d realizado sempre no 3\u00ba s\u00e1bado do m\u00eas de julho. <\/p>\n\n\n\n<p>Essa edi\u00e7\u00e3o primeira transcorreu nas depend\u00eancias da sede da Prefeitura Municipal de Massap\u00ea, que, na ocasi\u00e3o, abrigava uma escola p\u00fablica municipal. A anima\u00e7\u00e3o daquela t\u00edmida festa junina, se deu por conta de alguns integrantes da banda de m\u00fasica do munic\u00edpio, mesclada ao som da sanfona, pandeiro e zabumba, sem equipamento de som. <\/p>\n\n\n\n<p>Vale ressaltar que at\u00e9 meados da d\u00e9cada sessenta, de forma propositada os dois chit\u00f5es eram realizados no mesmo dia e hor\u00e1rio, exatamente para manter essa esp\u00e9cie de apartaid social, ou seja, ricos e brancos n\u00e3o se misturarem com pobres e pretos. <\/p>\n\n\n\n<p>O tempo foi se passando e, por ironia do destino, durante uma d\u00e9cada (1997 a 2007) ambas as festas foram realizadas no mesmo local, (o Centro Social Massapeense), ocasi\u00e3o que pobres &amp; ricos e pretos &amp; brancos se uniram e se divertiram na mais perfeita harmonia e respeito m\u00fatuo. <\/p>\n\n\n\n<p>O repert\u00f3rio executado pelas bandas que animam o Chit\u00e3o dos Pobres \u00e9 de m\u00fasicas tipicamente juninas, ou seja, o verdadeiro forr\u00f3 e, como sempre, com sorteio de v\u00e1rios pr\u00eamios para os dan\u00e7arinos presentes, variando a cada ano, tais como: televis\u00e3o, geladeira, bicicleta, fog\u00e3o, ventilador, liquidificador, rack, celular, DVD, guarda-roupa, panela de press\u00e3o, cestas natura, etc., ofertados, via de regra, por comerciantes e pol\u00edticos locais. <\/p>\n\n\n\n<p>Diga-se de passagem, o Chit\u00e3o dos Pobres\u201d n\u00e3o tem cunho pol\u00edtico e de pobre nada tem, pois, farta premia\u00e7\u00e3o sorteada dentre os presentes \u00e9 marca registrada e pioneira do evento. Por ironia do destino o fundador do Chit\u00e3o dos Pobres \u2013 Expedito Ferreira Sousa, carinhosamente conhecido por Expedito Galinha D\u2019\u00c1gua, faleceu dia 1\u00ba de julho de 2008 aos 84 anos, conquanto, a edi\u00e7\u00e3o 60\u00aa transcorreu dia 20 de julho do mesmo m\u00eas. <\/p>\n\n\n\n<p>O maior forrozeiro que se tem not\u00edcias por essas bandas do nordeste brasileiro se despediu dessa vida terrena, homenageando a Na\u00e7\u00e3o Forrozeira Massapeense e al\u00e9m fronteiras, com \u201cBodas de Diamante\u201d. O cortejo f\u00fanebre transcorreu ao som da Banda de M\u00fasica de Massap\u00ea. No sepulcro, a sanfona do Pipiu deu seu \u00faltimo adeus em D\u00f3 Maior. <\/p>\n\n\n\n<p>Essa edi\u00e7\u00e3o coincidiu com o retorno do Chit\u00e3o dos Pobres para a quadra do Educand\u00e1rio Nossa Senhora do Carmo cedida gentilmente pelo seu propriet\u00e1rio, o educador Roberto Frota, ap\u00f3s dez anos de realiza\u00e7\u00e3o nas depend\u00eancias do Centro Social Massapeense, cujo presidente \u00e9 o senhor Expedito Filho, a quem tamb\u00e9m somos gratos pelas respectivas concess\u00f5es. <\/p>\n\n\n\n<p>Tradi\u00e7\u00e3o aliada \u00e0 modernidade, em 2009 foi lan\u00e7ado o hino oficial do chit\u00e3o com o t\u00edtulo:\u00a0www.chitaodospobres.com, parceria do forrozeiro Ferreirinha com o seresteiro Kung Fu, bem como o site do mesmo nome. Hoje o endere\u00e7o eletr\u00f4nico encontra-se nos seguintes endere\u00e7os:\u00a0<a href=\"http:\/\/www.chitaodospobres.com.br\/\">www.chitaodospobres.com.br<\/a>\u00a0e\u00a0<a href=\"http:\/\/www.massapevirtualblogspot.com\/\">www.massapevirtualblogspot.com<\/a>\u00a0. <\/p>\n\n\n\n<p>Desde 2007 tendo em vista a sa\u00fade debilitada do senhor Galinha D\u2019\u00c1gua, seu filho Ferreirinha tomou frente \u00e0 continuidade desse evento que faz parte integrante e est\u00e1 inserido no calend\u00e1rio festivo junino anual da cidade de Massap\u00ea. <\/p>\n\n\n\n<p>O Chit\u00e3o dos Pobres tem toda uma hist\u00f3ria e jamais poderia deixar de se realizar por quaisquer motivos. E, no sentido de preservar a nossa cultura regional, a tradi\u00e7\u00e3o continua de pai para filho, de gera\u00e7\u00e3o para gera\u00e7\u00e3o\u2026<\/p>\n\n\n\n<p>Por Ferreirinha \u2013 abril\/ 2010.<\/p>\n","protected":false},"excerpt":{"rendered":"<p>A ORIGEM DO CHIT\u00c3O DOS POBRES Tudo come\u00e7ou no ano 1948. Na \u00e9poca, h\u00e1 15 anos se promovia o tradicional Chit\u00e3o de Massap\u00ea, nas depend\u00eancias do Centro Social Massapeense \u2013 clube cujas portas se abriam apenas e t\u00e3o somente para \u201cricos &amp; brancos\u201d e com refer\u00eancia. N\u00e3o diferentemente do restante dos munic\u00edpios brasileiros, em Massap\u00ea [&hellip;]<\/p>\n","protected":false},"author":1,"featured_media":0,"parent":0,"menu_order":0,"comment_status":"closed","ping_status":"closed","template":"","meta":{"footnotes":""},"class_list":["post-100","page","type-page","status-publish","hentry"],"_links":{"self":[{"href":"https:\/\/chitaodospobres.com.br\/index.php?rest_route=\/wp\/v2\/pages\/100","targetHints":{"allow":["GET"]}}],"collection":[{"href":"https:\/\/chitaodospobres.com.br\/index.php?rest_route=\/wp\/v2\/pages"}],"about":[{"href":"https:\/\/chitaodospobres.com.br\/index.php?rest_route=\/wp\/v2\/types\/page"}],"author":[{"embeddable":true,"href":"https:\/\/chitaodospobres.com.br\/index.php?rest_route=\/wp\/v2\/users\/1"}],"replies":[{"embeddable":true,"href":"https:\/\/chitaodospobres.com.br\/index.php?rest_route=%2Fwp%2Fv2%2Fcomments&post=100"}],"version-history":[{"count":2,"href":"https:\/\/chitaodospobres.com.br\/index.php?rest_route=\/wp\/v2\/pages\/100\/revisions"}],"predecessor-version":[{"id":104,"href":"https:\/\/chitaodospobres.com.br\/index.php?rest_route=\/wp\/v2\/pages\/100\/revisions\/104"}],"wp:attachment":[{"href":"https:\/\/chitaodospobres.com.br\/index.php?rest_route=%2Fwp%2Fv2%2Fmedia&parent=100"}],"curies":[{"name":"wp","href":"https:\/\/api.w.org\/{rel}","templated":true}]}}