{"id":102,"date":"2025-05-30T12:03:24","date_gmt":"2025-05-30T15:03:24","guid":{"rendered":"https:\/\/chitaodospobres.com.br\/?page_id=102"},"modified":"2025-06-29T13:32:18","modified_gmt":"2025-06-29T16:32:18","slug":"edicao-atual-75a","status":"publish","type":"page","link":"https:\/\/chitaodospobres.com.br\/?page_id=102","title":{"rendered":"Edi\u00e7\u00e3o Atual (77\u00aa)"},"content":{"rendered":"\n<p>19 de JULHO DE 2025: 77 anos de tradi\u00e7\u00e3o! Anima\u00e7\u00e3o com Dany &amp; Forroz\u00e3o Mazenir, Forr\u00f3 na Pisadinha Marcos Miranda. Local: Clube Recanto C\u00e9u Azul.<\/p>\n\n\n\n<figure class=\"wp-block-image size-full\"><img loading=\"lazy\" decoding=\"async\" width=\"1213\" height=\"856\" src=\"https:\/\/chitaodospobres.com.br\/wp-content\/uploads\/2025\/06\/cartaz_2025.png\" alt=\"\" class=\"wp-image-418\" srcset=\"https:\/\/chitaodospobres.com.br\/wp-content\/uploads\/2025\/06\/cartaz_2025.png 1213w, https:\/\/chitaodospobres.com.br\/wp-content\/uploads\/2025\/06\/cartaz_2025-300x212.png 300w, https:\/\/chitaodospobres.com.br\/wp-content\/uploads\/2025\/06\/cartaz_2025-1024x723.png 1024w, https:\/\/chitaodospobres.com.br\/wp-content\/uploads\/2025\/06\/cartaz_2025-768x542.png 768w\" sizes=\"auto, (max-width: 1213px) 100vw, 1213px\" \/><\/figure>\n","protected":false},"excerpt":{"rendered":"<p>19 de JULHO DE 2025: 77 anos de tradi\u00e7\u00e3o! Anima\u00e7\u00e3o com Dany &amp; Forroz\u00e3o Mazenir, Forr\u00f3 na Pisadinha Marcos Miranda. Local: Clube Recanto C\u00e9u Azul.<\/p>\n","protected":false},"author":1,"featured_media":0,"parent":0,"menu_order":0,"comment_status":"closed","ping_status":"closed","template":"","meta":{"footnotes":""},"class_list":["post-102","page","type-page","status-publish","hentry"],"_links":{"self":[{"href":"https:\/\/chitaodospobres.com.br\/index.php?rest_route=\/wp\/v2\/pages\/102","targetHints":{"allow":["GET"]}}],"collection":[{"href":"https:\/\/chitaodospobres.com.br\/index.php?rest_route=\/wp\/v2\/pages"}],"about":[{"href":"https:\/\/chitaodospobres.com.br\/index.php?rest_route=\/wp\/v2\/types\/page"}],"author":[{"embeddable":true,"href":"https:\/\/chitaodospobres.com.br\/index.php?rest_route=\/wp\/v2\/users\/1"}],"replies":[{"embeddable":true,"href":"https:\/\/chitaodospobres.com.br\/index.php?rest_route=%2Fwp%2Fv2%2Fcomments&post=102"}],"version-history":[{"count":4,"href":"https:\/\/chitaodospobres.com.br\/index.php?rest_route=\/wp\/v2\/pages\/102\/revisions"}],"predecessor-version":[{"id":424,"href":"https:\/\/chitaodospobres.com.br\/index.php?rest_route=\/wp\/v2\/pages\/102\/revisions\/424"}],"wp:attachment":[{"href":"https:\/\/chitaodospobres.com.br\/index.php?rest_route=%2Fwp%2Fv2%2Fmedia&parent=102"}],"curies":[{"name":"wp","href":"https:\/\/api.w.org\/{rel}","templated":true}]}}