{"id":2,"date":"2025-05-28T16:25:55","date_gmt":"2025-05-28T19:25:55","guid":{"rendered":"http:\/\/chitaodospobres.com.br\/?page_id=2"},"modified":"2025-05-28T19:30:49","modified_gmt":"2025-05-28T22:30:49","slug":"pagina-exemplo","status":"publish","type":"page","link":"https:\/\/chitaodospobres.com.br\/?page_id=2","title":{"rendered":"A Associa\u00e7\u00e3o"},"content":{"rendered":"\n<p><strong>A Associa\u00e7\u00e3o de Desenvolvimento Cultural de Massap\u00ea Expedito Galinha D\u2019agua<\/strong>, nome fantasia&nbsp;<strong>Chit\u00e3o dos Pobres de Massap\u00ea<\/strong>, inscrita no CNPJ sob n\u00ba 12.833.573\/0001-85, com sede na travessa Jos\u00e9 Am\u00e2ncio, n\u00ba 667, representada pelo seu presidente&nbsp;<strong>Raimundo Ferreira Sousa \u2013 Ferreirinha<\/strong>, tem a honra de convidar Vossa Senhoria para fazer parte do quadro de&nbsp;<strong>S\u00f3cio Correspondente<\/strong>, conforme reza cl\u00e1usula do estatuto, enviando seu nome e endere\u00e7o, cadastrando sua inscri\u00e7\u00e3o pelo E-mail:&nbsp;<a href=\"mailto:ferreirinhademassape2011@hotmail.com\">ferreirinhademassape2011@hotmail.com<\/a>&nbsp;e confirme o seu dep\u00f3sito volunt\u00e1rio, mensal, de qualquer valor acima de 0,5% incidente sobre o valor do sal\u00e1rio m\u00ednimo vigente, ou anual, multiplicado por doze.<\/p>\n\n\n\n<p><strong>Bradesco n\u00ba 237 \u2013 Ag. n\u00ba 5415-1 Massap\u00ea\/CE \u2013 C\/C n\u00ba 693-9<\/strong><\/p>\n\n\n\n<p><strong>Associa\u00e7\u00e3o de Desenvolvimento Cultural de Massap\u00ea Expedito Galinha D\u2019agua<\/strong><\/p>\n\n\n\n<blockquote class=\"wp-block-quote is-layout-flow wp-block-quote-is-layout-flow\">\n<p>\u00c9 sempre bom poder contar com vossa valorosa parceria, contribuindo, de tal forma, para manter vivo esse tradicional evento, que faz parte integrante do calend\u00e1rio festivo junino, bem como, da hist\u00f3ria da nossa cidade, fundado em 1948 por Expedito Ferreira, mais conhecido por Galinha D\u2019\u00e1gua (* 22\/12\/1922 + 01\/07\/2008) \u2013 uma tradi\u00e7\u00e3o repassada de pai para filho.<\/p>\n<\/blockquote>\n","protected":false},"excerpt":{"rendered":"<p>A Associa\u00e7\u00e3o de Desenvolvimento Cultural de Massap\u00ea Expedito Galinha D\u2019agua, nome fantasia&nbsp;Chit\u00e3o dos Pobres de Massap\u00ea, inscrita no CNPJ sob n\u00ba 12.833.573\/0001-85, com sede na travessa Jos\u00e9 Am\u00e2ncio, n\u00ba 667, representada pelo seu presidente&nbsp;Raimundo Ferreira Sousa \u2013 Ferreirinha, tem a honra de convidar Vossa Senhoria para fazer parte do quadro de&nbsp;S\u00f3cio Correspondente, conforme reza cl\u00e1usula [&hellip;]<\/p>\n","protected":false},"author":1,"featured_media":0,"parent":0,"menu_order":0,"comment_status":"closed","ping_status":"open","template":"","meta":{"footnotes":""},"class_list":["post-2","page","type-page","status-publish","hentry"],"_links":{"self":[{"href":"https:\/\/chitaodospobres.com.br\/index.php?rest_route=\/wp\/v2\/pages\/2","targetHints":{"allow":["GET"]}}],"collection":[{"href":"https:\/\/chitaodospobres.com.br\/index.php?rest_route=\/wp\/v2\/pages"}],"about":[{"href":"https:\/\/chitaodospobres.com.br\/index.php?rest_route=\/wp\/v2\/types\/page"}],"author":[{"embeddable":true,"href":"https:\/\/chitaodospobres.com.br\/index.php?rest_route=\/wp\/v2\/users\/1"}],"replies":[{"embeddable":true,"href":"https:\/\/chitaodospobres.com.br\/index.php?rest_route=%2Fwp%2Fv2%2Fcomments&post=2"}],"version-history":[{"count":5,"href":"https:\/\/chitaodospobres.com.br\/index.php?rest_route=\/wp\/v2\/pages\/2\/revisions"}],"predecessor-version":[{"id":28,"href":"https:\/\/chitaodospobres.com.br\/index.php?rest_route=\/wp\/v2\/pages\/2\/revisions\/28"}],"wp:attachment":[{"href":"https:\/\/chitaodospobres.com.br\/index.php?rest_route=%2Fwp%2Fv2%2Fmedia&parent=2"}],"curies":[{"name":"wp","href":"https:\/\/api.w.org\/{rel}","templated":true}]}}