{"id":29,"date":"2025-05-28T19:35:04","date_gmt":"2025-05-28T22:35:04","guid":{"rendered":"https:\/\/chitaodospobres.com.br\/?page_id=29"},"modified":"2025-05-28T19:46:45","modified_gmt":"2025-05-28T22:46:45","slug":"hino-2","status":"publish","type":"page","link":"https:\/\/chitaodospobres.com.br\/?page_id=29","title":{"rendered":"Hino"},"content":{"rendered":"\n<p>HINO DO CHIT\u00c3O DOS POBRES (mp3)<\/p>\n\n\n\n<p>Ouvir o Hino:\u00a0<a href=\"https:\/\/chitaodospobres.com.br\/wp-content\/uploads\/2025\/05\/hino.mp3\" data-type=\"link\" data-id=\"https:\/\/chitaodospobres.com.br\/wp-content\/uploads\/2025\/05\/hino.mp3\">hino.mp3<\/a><\/p>\n\n\n\n<p>HINO DO CHIT\u00c3O DOS POBRES (letra)<\/p>\n\n\n\n<p>Dia 18 de julho de 2009 foi lan\u00e7ado o hino do Chit\u00e3o dos Pobres de Massap\u00ea por ocasi\u00e3o da sua 61\u00aa edi\u00e7\u00e3o. O t\u00edtulo \u00e9:&nbsp;www.chitaodospobres.com&nbsp;. Autores: Ferreirinha &amp; Kung Fu.<\/p>\n\n\n\n<p>Chit\u00e3o dos Pobres de pobre s\u00f3 tem o nome<\/p>\n\n\n\n<p>Tem v\u00e1rios pr\u00eamios, \u00e9 muito bom<\/p>\n\n\n\n<p>Quer mais detalhes acesse a internet<\/p>\n\n\n\n<p>www ponto Chit\u00e3o dos Pobres ponto com<\/p>\n\n\n\n<p>A primeira festa aconteceu em 48<\/p>\n\n\n\n<p>O fundador foi Expedito Ferreira<\/p>\n\n\n\n<p>Mais conhecido por Expedito Galinha D\u2019\u00e1gua<\/p>\n\n\n\n<p>Eita forrozeiro de primeira<\/p>\n\n\n\n<p>Em Massap\u00ea j\u00e1 existia o \u201cChit\u00e3o dos Ricos\u201d<\/p>\n\n\n\n<p>Aonde s\u00f3 dan\u00e7ava rico e branco<\/p>\n\n\n\n<p>E dando vez ao preto e ao pobre<\/p>\n\n\n\n<p>Numa id\u00e9ia genial<\/p>\n\n\n\n<p>Ele fundou o \u201cChit\u00e3o dos Pobres\u201d<\/p>\n\n\n\n<p>Foi chamado ao para\u00edso<\/p>\n\n\n\n<p>Por s\u00e3o Pedro, s\u00e3o Jo\u00e3o e santo Ant\u00f4nio<\/p>\n\n\n\n<p>Deixando como legado<\/p>\n\n\n\n<p>Chit\u00e3o dos Pobres, que de pobre s\u00f3 tem o nome<\/p>\n\n\n\n<p>E mantendo viva a tradi\u00e7\u00e3o<\/p>\n\n\n\n<p>De pai pra filho \u00e9 Ferreirinha com o pov\u00e3o.<\/p>\n\n\n\n<p>Autoria: Ferreirinha &amp; Kung Fu.<\/p>\n","protected":false},"excerpt":{"rendered":"<p>HINO DO CHIT\u00c3O DOS POBRES (mp3) Ouvir o Hino:\u00a0hino.mp3 HINO DO CHIT\u00c3O DOS POBRES (letra) Dia 18 de julho de 2009 foi lan\u00e7ado o hino do Chit\u00e3o dos Pobres de Massap\u00ea por ocasi\u00e3o da sua 61\u00aa edi\u00e7\u00e3o. O t\u00edtulo \u00e9:&nbsp;www.chitaodospobres.com&nbsp;. Autores: Ferreirinha &amp; Kung Fu. Chit\u00e3o dos Pobres de pobre s\u00f3 tem o nome Tem [&hellip;]<\/p>\n","protected":false},"author":1,"featured_media":0,"parent":0,"menu_order":0,"comment_status":"closed","ping_status":"closed","template":"","meta":{"footnotes":""},"class_list":["post-29","page","type-page","status-publish","hentry"],"_links":{"self":[{"href":"https:\/\/chitaodospobres.com.br\/index.php?rest_route=\/wp\/v2\/pages\/29","targetHints":{"allow":["GET"]}}],"collection":[{"href":"https:\/\/chitaodospobres.com.br\/index.php?rest_route=\/wp\/v2\/pages"}],"about":[{"href":"https:\/\/chitaodospobres.com.br\/index.php?rest_route=\/wp\/v2\/types\/page"}],"author":[{"embeddable":true,"href":"https:\/\/chitaodospobres.com.br\/index.php?rest_route=\/wp\/v2\/users\/1"}],"replies":[{"embeddable":true,"href":"https:\/\/chitaodospobres.com.br\/index.php?rest_route=%2Fwp%2Fv2%2Fcomments&post=29"}],"version-history":[{"count":4,"href":"https:\/\/chitaodospobres.com.br\/index.php?rest_route=\/wp\/v2\/pages\/29\/revisions"}],"predecessor-version":[{"id":33,"href":"https:\/\/chitaodospobres.com.br\/index.php?rest_route=\/wp\/v2\/pages\/29\/revisions\/33"}],"wp:attachment":[{"href":"https:\/\/chitaodospobres.com.br\/index.php?rest_route=%2Fwp%2Fv2%2Fmedia&parent=29"}],"curies":[{"name":"wp","href":"https:\/\/api.w.org\/{rel}","templated":true}]}}